{"id":52,"date":"2024-01-15T16:00:56","date_gmt":"2024-01-15T16:00:56","guid":{"rendered":"http:\/\/apartmanysitavanc.cz\/?page_id=52"},"modified":"2025-03-17T11:46:44","modified_gmt":"2025-03-17T11:46:44","slug":"galerie","status":"publish","type":"page","link":"https:\/\/apartmanysitavanc.cz\/en\/galerie\/","title":{"rendered":"PHOTOS"},"content":{"rendered":"<div class=\"wp-block-cover alignfull\" style=\"min-height:272px;aspect-ratio:unset;\"><span aria-hidden=\"true\" class=\"wp-block-cover__background has-background-dim wp-block-cover__gradient-background has-background-gradient has-midnight-gradient-background\"><\/span><img loading=\"lazy\" decoding=\"async\" width=\"2000\" height=\"1325\" class=\"wp-block-cover__image-background wp-image-31\" alt=\"\" src=\"http:\/\/apartmanysitavanc.cz\/wp-content\/uploads\/2024\/01\/hlavni.jpeg\" style=\"object-position:1% 85%\" data-object-fit=\"cover\" data-object-position=\"1% 85%\" srcset=\"https:\/\/apartmanysitavanc.cz\/wp-content\/uploads\/2024\/01\/hlavni.jpeg 2000w, https:\/\/apartmanysitavanc.cz\/wp-content\/uploads\/2024\/01\/hlavni-300x199.jpeg 300w, https:\/\/apartmanysitavanc.cz\/wp-content\/uploads\/2024\/01\/hlavni-1024x678.jpeg 1024w, https:\/\/apartmanysitavanc.cz\/wp-content\/uploads\/2024\/01\/hlavni-768x509.jpeg 768w, https:\/\/apartmanysitavanc.cz\/wp-content\/uploads\/2024\/01\/hlavni-1536x1018.jpeg 1536w, https:\/\/apartmanysitavanc.cz\/wp-content\/uploads\/2024\/01\/hlavni-18x12.jpeg 18w\" sizes=\"auto, (max-width: 2000px) 100vw, 2000px\" \/><div class=\"wp-block-cover__inner-container is-layout-flow wp-block-cover-is-layout-flow\">\n<div class=\"inherit-container-width wp-block-group alignwide is-layout-constrained wp-block-group-is-layout-constrained\">\n<h2 class=\"wp-block-heading has-ast-global-color-5-color has-text-color has-link-color wp-elements-ddcbf8921d4507c1b8281fea8a3fd7be\">Galerie apartm\u00e1n\u016f P\u0159\u00edbor \u2013 Fotografie ubytov\u00e1n\u00ed v P\u0159\u00edbo\u0159e<\/h2>\n<\/div>\n\n\n\n<div class=\"wp-block-buttons is-layout-flex wp-block-buttons-is-layout-flex\"><\/div>\n<\/div><\/div>\n\n\n\n<div class=\"wp-block-group alignfull has-ast-global-color-5-background-color has-background is-layout-constrained wp-container-core-group-is-layout-9cedb757 wp-block-group-is-layout-constrained\" style=\"padding-bottom:0px\"><\/div>\n\n\n\n<div class=\"wp-block-group alignfull is-layout-constrained wp-container-core-group-is-layout-3fee123f wp-block-group-is-layout-constrained\" id=\"whyus\" style=\"padding-top:144px;padding-bottom:144px\">\n<h2 class=\"wp-block-heading\">Apartm\u00e1n Red<\/h2>\n\n\n\nngg_shortcode_0_placeholder\n\n\n\n<h2 class=\"wp-block-heading\">Apartm\u00e1n S TERASOU<\/h2>\n\n\n\nngg_shortcode_1_placeholder\n\n\n\n<h2 class=\"wp-block-heading\">Apartm\u00e1n carsk\u00fd<\/h2>\n\n\n\nngg_shortcode_2_placeholder\n\n\n\n<h2 class=\"wp-block-heading\">Apartm\u00e1n dv\u011b lo\u017enice<\/h2>\n\n\n\nngg_shortcode_3_placeholder\n\n\n\n<h2 class=\"wp-block-heading\">Apartm\u00e1n s postel\u00ed s nebesy<\/h2>\n\n\n\nngg_shortcode_4_placeholder\n<\/div>\n\n\n\n<div class=\"wp-block-group alignfull has-background is-layout-constrained wp-container-core-group-is-layout-cfcca693 wp-block-group-is-layout-constrained\" id=\"contact\" style=\"background:linear-gradient(35deg,rgb(6,0,151) 0%,rgb(130,4,255) 64%,rgb(193,15,255) 98%);padding-top:104px;padding-bottom:104px\">\n<h2 class=\"wp-block-heading has-text-align-center has-text-color\" style=\"color:#ffffff\">are you ready?<\/h2>\n\n\n\n<div class=\"wp-block-buttons alignwide is-horizontal is-content-justification-center is-layout-flex wp-container-core-buttons-is-layout-bba8380a wp-block-buttons-is-layout-flex\" style=\"margin-top:50px\">\n<div class=\"wp-block-button\"><a class=\"wp-block-button__link has-ast-global-color-5-background-color has-background wp-element-button\" href=\"http:\/\/apartmanysitavanc.cz\/en\/kontakt-rezervace\/\">Make an reservation<\/a><\/div>\n<\/div>\n<\/div>","protected":false},"excerpt":{"rendered":"<p>Apartm\u00e1n Red Apartm\u00e1n S TERASOU Apartm\u00e1n carsk\u00fd Apartm\u00e1n dv\u011b lo\u017enice Apartm\u00e1n s postel\u00ed s nebesy jdeme na to?<\/p>","protected":false},"author":1,"featured_media":0,"parent":0,"menu_order":0,"comment_status":"closed","ping_status":"closed","template":"","meta":{"om_disable_all_campaigns":false,"_monsterinsights_skip_tracking":false,"_monsterinsights_sitenote_active":false,"_monsterinsights_sitenote_note":"","_monsterinsights_sitenote_category":0,"site-sidebar-layout":"no-sidebar","site-content-layout":"plain-container","ast-site-content-layout":"","site-content-style":"default","site-sidebar-style":"default","ast-global-header-display":"","ast-banner-title-visibility":"","ast-main-header-display":"","ast-hfb-above-header-display":"","ast-hfb-below-header-display":"","ast-hfb-mobile-header-display":"","site-post-title":"disabled","ast-breadcrumbs-content":"","ast-featured-img":"","footer-sml-layout":"","theme-transparent-header-meta":"enabled","adv-header-id-meta":"","stick-header-meta":"","header-above-stick-meta":"","header-main-stick-meta":"","header-below-stick-meta":"","astra-migrate-meta-layouts":"default","ast-page-background-enabled":"default","ast-page-background-meta":{"desktop":{"background-color":"var(--ast-global-color-4)","background-image":"","background-repeat":"repeat","background-position":"center center","background-size":"auto","background-attachment":"scroll","background-type":"","background-media":"","overlay-type":"","overlay-color":"","overlay-gradient":""},"tablet":{"background-color":"","background-image":"","background-repeat":"repeat","background-position":"center center","background-size":"auto","background-attachment":"scroll","background-type":"","background-media":"","overlay-type":"","overlay-color":"","overlay-gradient":""},"mobile":{"background-color":"","background-image":"","background-repeat":"repeat","background-position":"center center","background-size":"auto","background-attachment":"scroll","background-type":"","background-media":"","overlay-type":"","overlay-color":"","overlay-gradient":""}},"ast-content-background-meta":{"desktop":{"background-color":"var(--ast-global-color-5)","background-image":"","background-repeat":"repeat","background-position":"center center","background-size":"auto","background-attachment":"scroll","background-type":"","background-media":"","overlay-type":"","overlay-color":"","overlay-gradient":""},"tablet":{"background-color":"var(--ast-global-color-5)","background-image":"","background-repeat":"repeat","background-position":"center center","background-size":"auto","background-attachment":"scroll","background-type":"","background-media":"","overlay-type":"","overlay-color":"","overlay-gradient":""},"mobile":{"background-color":"var(--ast-global-color-5)","background-image":"","background-repeat":"repeat","background-position":"center center","background-size":"auto","background-attachment":"scroll","background-type":"","background-media":"","overlay-type":"","overlay-color":"","overlay-gradient":""}},"ngg_post_thumbnail":0,"footnotes":""},"class_list":["post-52","page","type-page","status-publish","hentry"],"aioseo_notices":[],"_links":{"self":[{"href":"https:\/\/apartmanysitavanc.cz\/en\/wp-json\/wp\/v2\/pages\/52","targetHints":{"allow":["GET"]}}],"collection":[{"href":"https:\/\/apartmanysitavanc.cz\/en\/wp-json\/wp\/v2\/pages"}],"about":[{"href":"https:\/\/apartmanysitavanc.cz\/en\/wp-json\/wp\/v2\/types\/page"}],"author":[{"embeddable":true,"href":"https:\/\/apartmanysitavanc.cz\/en\/wp-json\/wp\/v2\/users\/1"}],"replies":[{"embeddable":true,"href":"https:\/\/apartmanysitavanc.cz\/en\/wp-json\/wp\/v2\/comments?post=52"}],"version-history":[{"count":10,"href":"https:\/\/apartmanysitavanc.cz\/en\/wp-json\/wp\/v2\/pages\/52\/revisions"}],"predecessor-version":[{"id":164,"href":"https:\/\/apartmanysitavanc.cz\/en\/wp-json\/wp\/v2\/pages\/52\/revisions\/164"}],"wp:attachment":[{"href":"https:\/\/apartmanysitavanc.cz\/en\/wp-json\/wp\/v2\/media?parent=52"}],"curies":[{"name":"wp","href":"https:\/\/api.w.org\/{rel}","templated":true}]}}