{"id":54,"date":"2024-01-15T16:02:19","date_gmt":"2024-01-15T16:02:19","guid":{"rendered":"http:\/\/apartmanysitavanc.cz\/?page_id=54"},"modified":"2026-01-12T13:08:07","modified_gmt":"2026-01-12T13:08:07","slug":"kontakt-rezervace","status":"publish","type":"page","link":"https:\/\/apartmanysitavanc.cz\/en\/kontakt-rezervace\/","title":{"rendered":"CONTACT \/ RESERVATION"},"content":{"rendered":"<div class=\"wp-block-cover alignfull\" style=\"min-height:272px;aspect-ratio:unset;\"><img loading=\"lazy\" decoding=\"async\" width=\"2000\" height=\"1325\" class=\"wp-block-cover__image-background wp-image-31\" alt=\"\" src=\"http:\/\/apartmanysitavanc.cz\/wp-content\/uploads\/2024\/01\/hlavni.jpeg\" style=\"object-position:1% 85%\" data-object-fit=\"cover\" data-object-position=\"1% 85%\" srcset=\"https:\/\/apartmanysitavanc.cz\/wp-content\/uploads\/2024\/01\/hlavni.jpeg 2000w, https:\/\/apartmanysitavanc.cz\/wp-content\/uploads\/2024\/01\/hlavni-300x199.jpeg 300w, https:\/\/apartmanysitavanc.cz\/wp-content\/uploads\/2024\/01\/hlavni-1024x678.jpeg 1024w, https:\/\/apartmanysitavanc.cz\/wp-content\/uploads\/2024\/01\/hlavni-768x509.jpeg 768w, https:\/\/apartmanysitavanc.cz\/wp-content\/uploads\/2024\/01\/hlavni-1536x1018.jpeg 1536w, https:\/\/apartmanysitavanc.cz\/wp-content\/uploads\/2024\/01\/hlavni-18x12.jpeg 18w\" sizes=\"auto, (max-width: 2000px) 100vw, 2000px\" \/><span aria-hidden=\"true\" class=\"wp-block-cover__background has-background-dim wp-block-cover__gradient-background has-background-gradient has-midnight-gradient-background\"><\/span><div class=\"wp-block-cover__inner-container is-layout-flow wp-block-cover-is-layout-flow\">\n<div class=\"inherit-container-width wp-block-group alignwide is-layout-constrained wp-block-group-is-layout-constrained\">\n<h2 class=\"wp-block-heading\">CONTACT \/ RESERVATION<\/h2>\n<\/div>\n\n\n\n<div class=\"wp-block-buttons is-layout-flex wp-block-buttons-is-layout-flex\"><\/div>\n<\/div><\/div>\n\n\n\n<div class=\"wp-block-group alignfull has-ast-global-color-5-background-color has-background is-layout-constrained wp-container-core-group-is-layout-9cedb757 wp-block-group-is-layout-constrained\" style=\"padding-bottom:0px\">\n<h2 class=\"wp-block-heading\">Contact us<\/h2>\n\n\n\n<p>Pro anglick\u00fd jazyk +420 606&nbsp;096&nbsp;544 (WeChat, Whatsapp)<\/p>\n\n\n\n<p>\u010cesky a Rusk\u00fd jazyk +420 608&nbsp;722&nbsp;248<\/p>\n<\/div>\n\n\n\n<div class=\"wp-block-group alignfull is-layout-constrained wp-container-core-group-is-layout-3fee123f wp-block-group-is-layout-constrained\" id=\"whyus\" style=\"padding-top:144px;padding-bottom:144px\">\n<script src=\"https:\/\/book.trevlix.com\/book\/js\/iframe.js?v=4\"><\/script>\n<iframe loading=\"lazy\" src=\"https:\/\/book.trevlix.com\/book\/app\/?cid=3998085\" id=\"trevlix-book-app\" name=\"trevlix-book-app\"  width=\"100%\" height=\"1100\" frameborder=\"0\" scrolling=\"auto\" onload=\"scrollToTrevlixTop()\"><\/iframe>\n<\/div>\n\n\n\n<div class=\"wp-block-group alignfull has-background is-layout-constrained wp-container-core-group-is-layout-cfcca693 wp-block-group-is-layout-constrained\" id=\"contact\" style=\"background:linear-gradient(35deg,rgb(6,0,151) 0%,rgb(130,4,255) 64%,rgb(193,15,255) 98%);padding-top:104px;padding-bottom:104px\">\n<div class=\"wp-block-buttons alignwide is-horizontal is-content-justification-center is-layout-flex wp-container-core-buttons-is-layout-bba8380a wp-block-buttons-is-layout-flex\" style=\"margin-top:50px\"><\/div>\n<\/div>","protected":false},"excerpt":{"rendered":"<p>Kontaktujte n\u00e1s Pro anglick\u00fd jazyk +420 606&nbsp;096&nbsp;544 (WeChat, Whatsapp) \u010cesky a Rusk\u00fd jazyk +420 608&nbsp;722&nbsp;248<\/p>","protected":false},"author":1,"featured_media":0,"parent":0,"menu_order":0,"comment_status":"closed","ping_status":"closed","template":"","meta":{"om_disable_all_campaigns":false,"_monsterinsights_skip_tracking":false,"_monsterinsights_sitenote_active":false,"_monsterinsights_sitenote_note":"","_monsterinsights_sitenote_category":0,"site-sidebar-layout":"no-sidebar","site-content-layout":"plain-container","ast-site-content-layout":"","site-content-style":"default","site-sidebar-style":"default","ast-global-header-display":"","ast-banner-title-visibility":"","ast-main-header-display":"","ast-hfb-above-header-display":"","ast-hfb-below-header-display":"","ast-hfb-mobile-header-display":"","site-post-title":"disabled","ast-breadcrumbs-content":"","ast-featured-img":"","footer-sml-layout":"","theme-transparent-header-meta":"enabled","adv-header-id-meta":"","stick-header-meta":"","header-above-stick-meta":"","header-main-stick-meta":"","header-below-stick-meta":"","astra-migrate-meta-layouts":"default","ast-page-background-enabled":"default","ast-page-background-meta":{"desktop":{"background-color":"var(--ast-global-color-4)","background-image":"","background-repeat":"repeat","background-position":"center center","background-size":"auto","background-attachment":"scroll","background-type":"","background-media":"","overlay-type":"","overlay-color":"","overlay-gradient":""},"tablet":{"background-color":"","background-image":"","background-repeat":"repeat","background-position":"center center","background-size":"auto","background-attachment":"scroll","background-type":"","background-media":"","overlay-type":"","overlay-color":"","overlay-gradient":""},"mobile":{"background-color":"","background-image":"","background-repeat":"repeat","background-position":"center center","background-size":"auto","background-attachment":"scroll","background-type":"","background-media":"","overlay-type":"","overlay-color":"","overlay-gradient":""}},"ast-content-background-meta":{"desktop":{"background-color":"var(--ast-global-color-5)","background-image":"","background-repeat":"repeat","background-position":"center center","background-size":"auto","background-attachment":"scroll","background-type":"","background-media":"","overlay-type":"","overlay-color":"","overlay-gradient":""},"tablet":{"background-color":"var(--ast-global-color-5)","background-image":"","background-repeat":"repeat","background-position":"center center","background-size":"auto","background-attachment":"scroll","background-type":"","background-media":"","overlay-type":"","overlay-color":"","overlay-gradient":""},"mobile":{"background-color":"var(--ast-global-color-5)","background-image":"","background-repeat":"repeat","background-position":"center center","background-size":"auto","background-attachment":"scroll","background-type":"","background-media":"","overlay-type":"","overlay-color":"","overlay-gradient":""}},"ngg_post_thumbnail":0,"footnotes":""},"class_list":["post-54","page","type-page","status-publish","hentry"],"aioseo_notices":[],"_links":{"self":[{"href":"https:\/\/apartmanysitavanc.cz\/en\/wp-json\/wp\/v2\/pages\/54","targetHints":{"allow":["GET"]}}],"collection":[{"href":"https:\/\/apartmanysitavanc.cz\/en\/wp-json\/wp\/v2\/pages"}],"about":[{"href":"https:\/\/apartmanysitavanc.cz\/en\/wp-json\/wp\/v2\/types\/page"}],"author":[{"embeddable":true,"href":"https:\/\/apartmanysitavanc.cz\/en\/wp-json\/wp\/v2\/users\/1"}],"replies":[{"embeddable":true,"href":"https:\/\/apartmanysitavanc.cz\/en\/wp-json\/wp\/v2\/comments?post=54"}],"version-history":[{"count":5,"href":"https:\/\/apartmanysitavanc.cz\/en\/wp-json\/wp\/v2\/pages\/54\/revisions"}],"predecessor-version":[{"id":167,"href":"https:\/\/apartmanysitavanc.cz\/en\/wp-json\/wp\/v2\/pages\/54\/revisions\/167"}],"wp:attachment":[{"href":"https:\/\/apartmanysitavanc.cz\/en\/wp-json\/wp\/v2\/media?parent=54"}],"curies":[{"name":"wp","href":"https:\/\/api.w.org\/{rel}","templated":true}]}}