{"id":8,"date":"2024-01-12T10:50:24","date_gmt":"2024-01-12T10:50:24","guid":{"rendered":"http:\/\/apartmanysitavanc.cz\/?page_id=8"},"modified":"2025-03-17T11:21:23","modified_gmt":"2025-03-17T11:21:23","slug":"domu","status":"publish","type":"page","link":"https:\/\/apartmanysitavanc.cz\/en\/","title":{"rendered":"Ubytov\u00e1n\u00ed P\u0159\u00edbor \u2013 Apartm\u00e1ny v centru pro turisty a pracovn\u00edky"},"content":{"rendered":"<div class=\"wp-block-cover alignfull\" style=\"min-height:720px;aspect-ratio:unset;\"><span aria-hidden=\"true\" class=\"wp-block-cover__background has-background-dim\"><\/span><img loading=\"lazy\" decoding=\"async\" width=\"2000\" height=\"1325\" class=\"wp-block-cover__image-background wp-image-31\" alt=\"Stylov\u00e9 apartm\u00e1ny k pron\u00e1jmu v P\u0159\u00edbo\u0159e \u2013 komfortn\u00ed ubytov\u00e1n\u00ed pro rodiny i jednotlivce\" src=\"http:\/\/apartmanysitavanc.cz\/wp-content\/uploads\/2024\/01\/hlavni.jpeg\" style=\"object-position:11% 79%\" data-object-fit=\"cover\" data-object-position=\"11% 79%\" srcset=\"https:\/\/apartmanysitavanc.cz\/wp-content\/uploads\/2024\/01\/hlavni.jpeg 2000w, https:\/\/apartmanysitavanc.cz\/wp-content\/uploads\/2024\/01\/hlavni-300x199.jpeg 300w, https:\/\/apartmanysitavanc.cz\/wp-content\/uploads\/2024\/01\/hlavni-1024x678.jpeg 1024w, https:\/\/apartmanysitavanc.cz\/wp-content\/uploads\/2024\/01\/hlavni-768x509.jpeg 768w, https:\/\/apartmanysitavanc.cz\/wp-content\/uploads\/2024\/01\/hlavni-1536x1018.jpeg 1536w, https:\/\/apartmanysitavanc.cz\/wp-content\/uploads\/2024\/01\/hlavni-18x12.jpeg 18w\" sizes=\"auto, (max-width: 2000px) 100vw, 2000px\" \/><div class=\"wp-block-cover__inner-container is-layout-flow wp-block-cover-is-layout-flow\">\n<h1 class=\"wp-block-heading\">Ubytov\u00e1n\u00ed P\u0159\u00edbor <br>Apartm\u00e1ny \u0160itavanc<\/h1>\n\n\n\n<p>komfortn\u00ed ubytov\u00e1n\u00ed P\u0159\u00edbor<\/p>\n\n\n\n<p>are great accommodation right on the square in P\u0159\u00edbor. These apartments are perfectly equipped and offer an unforgettable atmosphere of a historic townhouse.<\/p>\n\n\n\n<div class=\"wp-block-buttons is-layout-flex wp-block-buttons-is-layout-flex\">\n<div class=\"wp-block-button\"><a class=\"wp-block-button__link has-white-background-color has-background wp-element-button\" href=\"http:\/\/apartmanysitavanc.cz\/en\/kontakt-rezervace\/\">REZERVOVAT!<\/a><\/div>\n<\/div>\n<\/div><\/div>\n\n\n\n<div class=\"wp-block-group alignfull has-ast-global-color-5-background-color has-background is-layout-constrained wp-container-core-group-is-layout-9cedb757 wp-block-group-is-layout-constrained\" style=\"padding-bottom:0px\">\n<div class=\"wp-block-columns are-vertically-aligned-top is-layout-flex wp-container-core-columns-is-layout-00723822 wp-block-columns-is-layout-flex\">\n<div class=\"wp-block-column is-vertically-aligned-top is-layout-flow wp-container-core-column-is-layout-6b73ce23 wp-block-column-is-layout-flow\">\n<figure class=\"wp-block-image size-large\"><img decoding=\"async\" src=\"http:\/\/apartmanysitavanc.cz\/wp-content\/themes\/astra\/inc\/assets\/images\/starter-content\/building.svg\" alt=\"klikni na za\u0161krt\u00e1vac\u00ed pol\u00ed\u010dko\" class=\"wp-image-134\"\/><\/figure>\n\n\n\n<h3 class=\"wp-block-heading has-text-align-left\" style=\"margin-top:16px\">Wide selection!<\/h3>\n\n\n\n<p class=\"has-text-align-left\">We offer a total of 5 apartments.<\/p>\n<\/div>\n\n\n\n<div class=\"wp-block-column is-vertically-aligned-top is-layout-flow wp-container-core-column-is-layout-6b73ce23 wp-block-column-is-layout-flow\">\n<figure class=\"wp-block-image size-large\"><img decoding=\"async\" src=\"http:\/\/apartmanysitavanc.cz\/wp-content\/themes\/astra\/inc\/assets\/images\/starter-content\/shopping-bag.svg\" alt=\"klikni na za\u0161krt\u00e1vac\u00ed pol\u00ed\u010dko\" class=\"wp-image-135\"\/><\/figure>\n\n\n\n<h3 class=\"wp-block-heading has-text-align-left\" style=\"margin-top:16px\">Fully equipped!<\/h3>\n\n\n\n<p class=\"has-text-align-left\">Fully equipped apartments with many services.<\/p>\n<\/div>\n\n\n\n<div class=\"wp-block-column is-vertically-aligned-top is-layout-flow wp-container-core-column-is-layout-6b73ce23 wp-block-column-is-layout-flow\">\n<figure class=\"wp-block-image size-large\"><img decoding=\"async\" src=\"http:\/\/apartmanysitavanc.cz\/wp-content\/themes\/astra\/inc\/assets\/images\/starter-content\/blog.svg\" alt=\"klikni na za\u0161krt\u00e1vac\u00ed pol\u00ed\u010dko\" class=\"wp-image-136\"\/><\/figure>\n\n\n\n<h3 class=\"wp-block-heading has-text-align-left\" style=\"margin-top:16px\">Possibility of long-term rental!<\/h3>\n\n\n\n<p class=\"has-text-align-left\"><\/p>\n<\/div>\n\n\n\n<div class=\"wp-block-column is-vertically-aligned-top is-layout-flow wp-container-core-column-is-layout-6b73ce23 wp-block-column-is-layout-flow\">\n<figure class=\"wp-block-image size-large\"><img decoding=\"async\" src=\"http:\/\/apartmanysitavanc.cz\/wp-content\/themes\/astra\/inc\/assets\/images\/starter-content\/portfolio.svg\" alt=\"klikni na za\u0161krt\u00e1vac\u00ed pol\u00ed\u010dko\" class=\"wp-image-137\"\/><\/figure>\n\n\n\n<h3 class=\"wp-block-heading has-text-align-left\" style=\"margin-top:16px\">We are close to everything!<\/h3>\n\n\n\n<p class=\"has-text-align-left\">Would you like to go to Ostrava, Mosnov, Kop\u0159ivnice or Beskydy? <a href=\"https:\/\/www.ceskezeme.cz\/moravskoslezsky-kraj\" target=\"_blank\" rel=\"noopener\" title=\"kam na v\u00fdlet\">https:\/\/www.ceskezeme.cz\/moravskoslezsky-kraj<\/a><\/p>\n<\/div>\n<\/div>\n\n\n\n<h2 class=\"wp-block-heading\">What is being said about us?<\/h2>\n\n\n\n<p>Do you want to experience that unrepeatable atmosphere of the old days, where history is at every turn? Our apartments contain everything you need for modern living, but carry a historical touch. You can see original stoves, stylish furniture and beautiful views.&nbsp;<\/p>\n\n\n\n<p>All apartments are fully equipped (washing machine, kitchen appliances and equipment, comfortable furniture, TV, Wifi). We also offer extra things like the possibility of renting bikes, barbecue and more.<br><a href=\"https:\/\/www.mesto-pribor.cz\/\" target=\"_blank\" rel=\"noopener\" title=\"\">https:\/\/www.mesto-pribor.cz\/<\/a><\/p>\n\n\n\n<p>You can park in the adjacent parking lot for free.<\/p>\n\n\n\n<h2 class=\"wp-block-heading\">Prices<\/h2>\n\n\n\n<ul class=\"wp-block-list\">\n<li>1 300K\u010d - 1 person\/night<\/li>\n\n\n\n<li>1 590 K\u010d - 2 persons\/night<\/li>\n<\/ul>\n\n\n\n<p>Longer accommodation, individual price on request. We will be happy to send you a price quote!<\/p>\n\n\n\n<p>The apartments are also suitable for longer stays (managerial, business, etc.).<\/p>\n\n\n\n<p>We offer breakfast for an extra charge, by appointment (125CZK\/person). Served in our partner caf\u00e9 on the square. Caf\u00e9 and Confectionery Kaf\u00ed\u010dko in the arcade, S. Freuda 20, only 20m away from the apartments.<\/p>\n\n\n\n<p>Check - in takes place at the standard time from 14:00 at any time<\/p>\n\n\n\n<p>Check-out \/ check-out at standard time until 10:00<\/p>\n\n\n\n<p><\/p>\n<\/div>\n\n\n\n<div class=\"wp-block-group alignfull has-background is-layout-constrained wp-container-core-group-is-layout-cfcca693 wp-block-group-is-layout-constrained\" id=\"contact\" style=\"background:linear-gradient(35deg,rgb(6,0,151) 0%,rgb(130,4,255) 64%,rgb(193,15,255) 98%);padding-top:104px;padding-bottom:104px\">\n<h2 class=\"wp-block-heading has-text-align-center has-text-color\" style=\"color:#ffffff\">are you ready?<\/h2>\n\n\n\n<div class=\"wp-block-buttons alignwide is-horizontal is-content-justification-center is-layout-flex wp-container-core-buttons-is-layout-bba8380a wp-block-buttons-is-layout-flex\" style=\"margin-top:50px\">\n<div class=\"wp-block-button\"><a class=\"wp-block-button__link has-white-background-color has-background wp-element-button\" href=\"http:\/\/apartmanysitavanc.cz\/en\/kontakt-rezervace\/\">Make an reservation<\/a><\/div>\n<\/div>\n<\/div>","protected":false},"excerpt":{"rendered":"<p>\u0160irok\u00fd v\u00fdb\u011br! Nab\u00edz\u00edme celkem 5 apartm\u00e1n\u016f. Pln\u011b vybaveno! Pln\u011b vybaven\u00e9 apartm\u00e1ny s mnoha slu\u017ebami. Mo\u017enost dlouhodob\u00e9ho pron\u00e1jmu Jsme bl\u00edzko od [&hellip;]<\/p>\n","protected":false},"author":1,"featured_media":0,"parent":0,"menu_order":0,"comment_status":"closed","ping_status":"closed","template":"","meta":{"om_disable_all_campaigns":false,"_monsterinsights_skip_tracking":false,"_monsterinsights_sitenote_active":false,"_monsterinsights_sitenote_note":"","_monsterinsights_sitenote_category":0,"site-sidebar-layout":"no-sidebar","site-content-layout":"plain-container","ast-site-content-layout":"","site-content-style":"default","site-sidebar-style":"default","ast-global-header-display":"","ast-banner-title-visibility":"","ast-main-header-display":"","ast-hfb-above-header-display":"","ast-hfb-below-header-display":"","ast-hfb-mobile-header-display":"","site-post-title":"disabled","ast-breadcrumbs-content":"","ast-featured-img":"","footer-sml-layout":"","theme-transparent-header-meta":"enabled","adv-header-id-meta":"","stick-header-meta":"","header-above-stick-meta":"","header-main-stick-meta":"","header-below-stick-meta":"","astra-migrate-meta-layouts":"default","ast-page-background-enabled":"default","ast-page-background-meta":{"desktop":{"background-color":"var(--ast-global-color-4)","background-image":"","background-repeat":"repeat","background-position":"center center","background-size":"auto","background-attachment":"scroll","background-type":"","background-media":"","overlay-type":"","overlay-color":"","overlay-gradient":""},"tablet":{"background-color":"","background-image":"","background-repeat":"repeat","background-position":"center center","background-size":"auto","background-attachment":"scroll","background-type":"","background-media":"","overlay-type":"","overlay-color":"","overlay-gradient":""},"mobile":{"background-color":"","background-image":"","background-repeat":"repeat","background-position":"center center","background-size":"auto","background-attachment":"scroll","background-type":"","background-media":"","overlay-type":"","overlay-color":"","overlay-gradient":""}},"ast-content-background-meta":{"desktop":{"background-color":"var(--ast-global-color-5)","background-image":"","background-repeat":"repeat","background-position":"center center","background-size":"auto","background-attachment":"scroll","background-type":"","background-media":"","overlay-type":"","overlay-color":"","overlay-gradient":""},"tablet":{"background-color":"var(--ast-global-color-5)","background-image":"","background-repeat":"repeat","background-position":"center center","background-size":"auto","background-attachment":"scroll","background-type":"","background-media":"","overlay-type":"","overlay-color":"","overlay-gradient":""},"mobile":{"background-color":"var(--ast-global-color-5)","background-image":"","background-repeat":"repeat","background-position":"center center","background-size":"auto","background-attachment":"scroll","background-type":"","background-media":"","overlay-type":"","overlay-color":"","overlay-gradient":""}},"ngg_post_thumbnail":0,"footnotes":""},"class_list":["post-8","page","type-page","status-publish","hentry"],"aioseo_notices":[],"_links":{"self":[{"href":"https:\/\/apartmanysitavanc.cz\/en\/wp-json\/wp\/v2\/pages\/8","targetHints":{"allow":["GET"]}}],"collection":[{"href":"https:\/\/apartmanysitavanc.cz\/en\/wp-json\/wp\/v2\/pages"}],"about":[{"href":"https:\/\/apartmanysitavanc.cz\/en\/wp-json\/wp\/v2\/types\/page"}],"author":[{"embeddable":true,"href":"https:\/\/apartmanysitavanc.cz\/en\/wp-json\/wp\/v2\/users\/1"}],"replies":[{"embeddable":true,"href":"https:\/\/apartmanysitavanc.cz\/en\/wp-json\/wp\/v2\/comments?post=8"}],"version-history":[{"count":23,"href":"https:\/\/apartmanysitavanc.cz\/en\/wp-json\/wp\/v2\/pages\/8\/revisions"}],"predecessor-version":[{"id":157,"href":"https:\/\/apartmanysitavanc.cz\/en\/wp-json\/wp\/v2\/pages\/8\/revisions\/157"}],"wp:attachment":[{"href":"https:\/\/apartmanysitavanc.cz\/en\/wp-json\/wp\/v2\/media?parent=8"}],"curies":[{"name":"wp","href":"https:\/\/api.w.org\/{rel}","templated":true}]}}